{"id":149,"date":"2022-12-11T15:09:16","date_gmt":"2022-12-11T15:09:16","guid":{"rendered":"http:\/\/miguelangelmontilla.es\/?page_id=149"},"modified":"2023-06-30T09:55:05","modified_gmt":"2023-06-30T09:55:05","slug":"politica-de-cookies","status":"publish","type":"page","link":"https:\/\/miguelangelmontilla.es\/?page_id=149","title":{"rendered":"POL\u00cdTICA DE COOKIES"},"content":{"rendered":"\t\t<div data-elementor-type=\"wp-page\" data-elementor-id=\"149\" class=\"elementor elementor-149\" data-elementor-post-type=\"page\">\n\t\t\t\t\t\t<section class=\"elementor-section elementor-top-section elementor-element elementor-element-12764fc elementor-section-boxed elementor-section-height-default elementor-section-height-default\" data-id=\"12764fc\" data-element_type=\"section\">\n\t\t\t\t\t\t<div class=\"elementor-container elementor-column-gap-default\">\n\t\t\t\t\t<div class=\"elementor-column elementor-col-100 elementor-top-column elementor-element elementor-element-38da2ca\" data-id=\"38da2ca\" data-element_type=\"column\">\n\t\t\t<div class=\"elementor-widget-wrap elementor-element-populated\">\n\t\t\t\t\t\t<div class=\"elementor-element elementor-element-a15cb90 elementor-widget elementor-widget-heading\" data-id=\"a15cb90\" data-element_type=\"widget\" data-widget_type=\"heading.default\">\n\t\t\t\t<div class=\"elementor-widget-container\">\n\t\t\t\t\t<h2 class=\"elementor-heading-title elementor-size-default\">POL\u00cdTICA DE COOKIES<\/h2>\t\t\t\t<\/div>\n\t\t\t\t<\/div>\n\t\t\t\t<div class=\"elementor-element elementor-element-040542d elementor-widget elementor-widget-text-editor\" data-id=\"040542d\" data-element_type=\"widget\" data-widget_type=\"text-editor.default\">\n\t\t\t\t<div class=\"elementor-widget-container\">\n\t\t\t\t\t\t\t\t\t<p style=\"margin-bottom: 1.5em; color: #7a7a7a; font-family: ROBOTO, sans-serif; font-size: 18px; font-style: normal; font-weight: 400;\">En cumplimiento con el art\u00edculo 22 de la Ley 34\/2002, de 11 de julio, de servicios de la sociedad de la informaci\u00f3n y de comercio electr\u00f3nico (LSSI), en relaci\u00f3n con el Reglamento (UE) 2016\/679 del Parlamento Europeo y del Consejo, de 27 de abril de 2016, General de Protecci\u00f3n de Datos (RGPD) y la Ley Org\u00e1nica 3\/2018, de 5 de diciembre, de Protecci\u00f3n de Datos y garant\u00eda de los derechos digitales (LOPDGDD), el Titular pone a disposici\u00f3n de los usuarios la Pol\u00edtica de recogida y tratamiento de cookies del sitio Web.<\/p>\t\t\t\t\t\t\t\t<\/div>\n\t\t\t\t<\/div>\n\t\t\t\t<div class=\"elementor-element elementor-element-713863f elementor-widget elementor-widget-heading\" data-id=\"713863f\" data-element_type=\"widget\" data-widget_type=\"heading.default\">\n\t\t\t\t<div class=\"elementor-widget-container\">\n\t\t\t\t\t<h2 class=\"elementor-heading-title elementor-size-default\">\u00bfQu\u00e9 son las cookies?<\/h2>\t\t\t\t<\/div>\n\t\t\t\t<\/div>\n\t\t\t\t<div class=\"elementor-element elementor-element-0b821da elementor-widget elementor-widget-text-editor\" data-id=\"0b821da\" data-element_type=\"widget\" data-widget_type=\"text-editor.default\">\n\t\t\t\t<div class=\"elementor-widget-container\">\n\t\t\t\t\t\t\t\t\t<p style=\"margin-bottom: 1.5em; color: #7a7a7a; font-family: Roboto, sans-serif; font-size: 18px; font-style: normal; font-weight: 400;\">Una Cookie es un fichero que se descarga en su ordenador al entrar a determinadas p\u00e1ginas web. Las cookies permiten a una p\u00e1gina web, entre otras cosas, almacenar y recuperar informaci\u00f3n sobre sus h\u00e1bitos de navegaci\u00f3n y dependiendo de la informaci\u00f3n que contengan y de la forma en que utilice su equipo pueden utilizarse para identificarle.<\/p>\t\t\t\t\t\t\t\t<\/div>\n\t\t\t\t<\/div>\n\t\t\t\t<div class=\"elementor-element elementor-element-36c6337 elementor-widget elementor-widget-heading\" data-id=\"36c6337\" data-element_type=\"widget\" data-widget_type=\"heading.default\">\n\t\t\t\t<div class=\"elementor-widget-container\">\n\t\t\t\t\t<h2 class=\"elementor-heading-title elementor-size-default\">Cookies utilizadas en el sitio web<\/h2>\t\t\t\t<\/div>\n\t\t\t\t<\/div>\n\t\t\t\t<div class=\"elementor-element elementor-element-e472b1f elementor-widget elementor-widget-text-editor\" data-id=\"e472b1f\" data-element_type=\"widget\" data-widget_type=\"text-editor.default\">\n\t\t\t\t<div class=\"elementor-widget-container\">\n\t\t\t\t\t\t\t\t\t<p style=\"margin-bottom: 1.5em; color: #7a7a7a; font-family: Roboto, sans-serif; font-size: 18px; font-style: normal; font-weight: 400;\">A continuaci\u00f3n se clasifican las cookies utilizadas por el sitio Web:\u00a0<\/p><p style=\"margin-bottom: 1.5em; color: #7a7a7a; font-family: Roboto, sans-serif; font-size: 18px; font-style: normal; font-weight: 400;\"><a style=\"border: 0px; margin: 0px; padding: 0px; transition: color 0.1s ease-in-out 0s, background-color 0.1s ease-in-out 0s; text-decoration-line: none;\" href=\"http:\/\/miguelangelmontilla.es\/\">http:\/\/miguelangelmontilla.es\/<\/a>:<\/p><p style=\"margin-bottom: 1.5em; color: #7a7a7a; font-family: Roboto, sans-serif; font-size: 18px; font-style: normal; font-weight: 400;\"><span style=\"font-weight: bold;\">Seg\u00fan la entidad que las gestiona<\/span><\/p><ul style=\"color: #7a7a7a; font-family: Roboto, sans-serif; font-size: 18px; font-style: normal; font-weight: 400;\"><li>Cookies propias: Son aquellas enviadas y gestionadas directamente por el Titular.<\/li><li>Cookies de terceros: Son aquellas que se env\u00edan al Usuario desde un dominio ajeno al Titular.<\/li><\/ul><p style=\"margin-bottom: 1.5em; color: #7a7a7a; font-family: Roboto, sans-serif; font-size: 18px; font-style: normal; font-weight: 400;\"><span style=\"font-weight: bold;\">Seg\u00fan su finalidad<\/span><\/p><ul style=\"color: #7a7a7a; font-family: Roboto, sans-serif; font-size: 18px; font-style: normal; font-weight: 400;\"><li>Cookies t\u00e9cnicas: Son aquellas que permiten a los usuarios registrados navegar a trav\u00e9s del sitio Web, del \u00e1rea restringida y a utilizar sus diferentes funciones, como por ejemplo, el sistema de comentarios o el buscador.<\/li><li>Cookies de personalizaci\u00f3n: Son aquellas que permiten a los usuarios acceder al Servicio con algunas caracter\u00edsticas de car\u00e1cter general predefinidas en funci\u00f3n de una serie de criterios establecidos por el Usuario como, por ejemplo, el idioma o el tipo de navegador a trav\u00e9s del cual se conecta a este sitio Web.<\/li><li>Cookies de an\u00e1lisis o medici\u00f3n: Son aquellas que, bien tratadas por el sitio Web o por terceros, permiten cuantificar el n\u00famero de usuarios y as\u00ed realizar la medici\u00f3n y an\u00e1lisis estad\u00edstico de la utilizaci\u00f3n que hacen los usuarios del sitio Web. Para ello se analiza la navegaci\u00f3n que realizas en este sitio Web con el fin de mejorarlo.<\/li><li>Cookies sociales: Son establecidas por las plataformas de redes sociales para permitir a los usuarios compartir contenido con sus amigos y redes.<\/li><\/ul><p style=\"margin-bottom: 1.5em; color: #7a7a7a; font-family: Roboto, sans-serif; font-size: 18px; font-style: normal; font-weight: 400;\"><span style=\"font-weight: bold;\">Seg\u00fan su duraci\u00f3n<\/span><\/p><ul style=\"color: #7a7a7a; font-family: Roboto, sans-serif; font-size: 18px; font-style: normal; font-weight: 400;\"><li>Cookies de sesi\u00f3n: Son aquellas dise\u00f1adas para recabar y almacenar datos mientras el Usuario accede al sitio Web.<\/li><li>Cookies persistentes: Son aquellas en las que los datos siguen almacenados en el terminal del Usuario y pueden ser accedidos y tratados durante un per\u00edodo definido por el responsable de la cookie.<\/li><\/ul>\t\t\t\t\t\t\t\t<\/div>\n\t\t\t\t<\/div>\n\t\t\t\t<div class=\"elementor-element elementor-element-60be18b elementor-widget elementor-widget-heading\" data-id=\"60be18b\" data-element_type=\"widget\" data-widget_type=\"heading.default\">\n\t\t\t\t<div class=\"elementor-widget-container\">\n\t\t\t\t\t<h2 class=\"elementor-heading-title elementor-size-default\">Listado de cookies utilizadas<\/h2>\t\t\t\t<\/div>\n\t\t\t\t<\/div>\n\t\t\t\t<div class=\"elementor-element elementor-element-aa1c960 elementor-widget elementor-widget-text-editor\" data-id=\"aa1c960\" data-element_type=\"widget\" data-widget_type=\"text-editor.default\">\n\t\t\t\t<div class=\"elementor-widget-container\">\n\t\t\t\t\t\t\t\t\t<p style=\"margin-bottom: 1.5em; color: #7a7a7a; font-family: Roboto, sans-serif; font-size: 18px; font-style: normal; font-weight: 400;\">Este sitio Web puede instalar las siguientes cookies:<\/p>\n<p style=\"margin-bottom: 1.5em; color: #7a7a7a; font-family: Roboto, sans-serif; font-size: 18px; font-style: normal; font-weight: 400;\"><span style=\"font-weight: bold;\">Cookies t\u00e9cnicas<\/span><\/p>\n\n<ul style=\"color: #7a7a7a; font-family: Roboto, sans-serif; font-size: 18px; font-style: normal; font-weight: 400;\">\n \t<li><span style=\"font-weight: bold;\">wp-settings-{user_id}:<\/span>\u00a0Cookie t\u00e9cnica que se usa para mantener la configuraci\u00f3n del Usuario en el escritorio de WordPress (\/wp-admin). Es persistente y tiene una duraci\u00f3n de 1 a\u00f1o.<\/li>\n \t<li><span style=\"font-weight: bold;\">hasConsent:<\/span>\u00a0Cookie t\u00e9cnica que almacena el consentimiento del Usuario. Es persistente y tiene una duraci\u00f3n de 1 a\u00f1o.<\/li>\n<\/ul>\n<p style=\"margin-bottom: 1.5em; color: #7a7a7a; font-family: Roboto, sans-serif; font-size: 18px; font-style: normal; font-weight: 400;\"><span style=\"font-weight: bold;\">Cookies de an\u00e1lisis o medici\u00f3n<\/span><\/p>\n\n<ul style=\"color: #7a7a7a; font-family: Roboto, sans-serif; font-size: 18px; font-style: normal; font-weight: 400;\">\n \t<li><span style=\"font-weight: bold;\">_ga:<\/span>\u00a0Cookie Anal\u00edtica que habilita la funci\u00f3n de control de visitas \u00fanicas. Es persistente y tiene una duraci\u00f3n de 2 a\u00f1os.<\/li>\n \t<li><span style=\"font-weight: bold;\">_gat:<\/span>\u00a0Cookie Anal\u00edtica para limitar el n\u00famero de solicitudes. Su \u00e1mbito es la sesi\u00f3n y tiene una duraci\u00f3n de 1 minuto.<\/li>\n \t<li><span style=\"font-weight: bold;\">_gid:<\/span>\u00a0Cookie Anal\u00edtica para distinguir usuarios. Su \u00e1mbito es la sesi\u00f3n y tiene una duraci\u00f3n de 24 horas.<\/li>\n<\/ul>\n<p style=\"margin-bottom: 1.5em; color: #7a7a7a; font-family: Roboto, sans-serif; font-size: 18px; font-style: normal; font-weight: 400;\">Informaci\u00f3n adicional:<\/p>\n\n<ul style=\"color: #7a7a7a; font-family: Roboto, sans-serif; font-size: 18px; font-style: normal; font-weight: 400;\">\n \t<li>Google Analytics puede instalar otras cookies seg\u00fan el documento Uso de las cookies de Google Analytics en sitios web que puede consultar\u00a0<a style=\"border: 0px; margin: 0px; padding: 0px; transition: color 0.1s ease-in-out 0s, background-color 0.1s ease-in-out 0s; text-decoration-line: none;\" href=\"https:\/\/developers.google.com\/analytics\/devguides\/collection\/analyticsjs\/cookie-usage?hl=es\" target=\"_blank\" rel=\"noopener noreferrer nofollow\">en este enlace<\/a>.<\/li>\n<\/ul>\n<p style=\"margin-bottom: 1.5em; color: #7a7a7a; font-family: Roboto, sans-serif; font-size: 18px; font-style: normal; font-weight: 400;\"><span style=\"font-weight: bold;\">Cookies sociales<\/span><\/p>\n\n<ul style=\"color: #7a7a7a; font-family: Roboto, sans-serif; font-size: 18px; font-style: normal; font-weight: 400;\">\n \t<li>El sitio Web incluye otras funcionalidades proporcionadas por servicios de terceros y redes sociales para mejorar la experiencia de los visitantes. Puede compartir el contenido en sus redes sociales como Facebook, Twitter, Instagram, Vimeo o YouTube con los botones incluidos a tal efecto o con las herramientas para compartir propias de las redes sociales. Como resultado, estos servicios pueden instalar cookies y utilizarlas para rastrear su actividad online. El Titular no tiene control directo sobre la informaci\u00f3n recopilada por estas cookies.<\/li>\n<\/ul>\n<p style=\"margin-bottom: 1.5em; color: #7a7a7a; font-family: Roboto, sans-serif; font-size: 18px; font-style: normal; font-weight: 400;\">El sitio Web puede instalar otras cookies:<\/p>\n<p style=\"margin-bottom: 1.5em; color: #7a7a7a; font-family: Roboto, sans-serif; font-size: 18px; font-style: normal; font-weight: 400;\">wordpress_test_cookie\nwp-settings-*<\/p>\t\t\t\t\t\t\t\t<\/div>\n\t\t\t\t<\/div>\n\t\t\t\t<div class=\"elementor-element elementor-element-453cb31 elementor-widget elementor-widget-heading\" data-id=\"453cb31\" data-element_type=\"widget\" data-widget_type=\"heading.default\">\n\t\t\t\t<div class=\"elementor-widget-container\">\n\t\t\t\t\t<h2 class=\"elementor-heading-title elementor-size-default\">Aceptaci\u00f3n o rechazo de la instalaci\u00f3n de cookies<\/h2>\t\t\t\t<\/div>\n\t\t\t\t<\/div>\n\t\t\t\t<div class=\"elementor-element elementor-element-1bdfffa elementor-widget elementor-widget-text-editor\" data-id=\"1bdfffa\" data-element_type=\"widget\" data-widget_type=\"text-editor.default\">\n\t\t\t\t<div class=\"elementor-widget-container\">\n\t\t\t\t\t\t\t\t\t<p style=\"margin-bottom: 1.5em; color: #7a7a7a; font-family: Roboto, sans-serif; font-size: 18px; font-style: normal; font-weight: 400;\">El Titular muestra informaci\u00f3n sobre su Pol\u00edtica de cookies en el banner de cookies accesible en todas las p\u00e1ginas del Sitio Web. El banner de cookies muestra informaci\u00f3n esencial sobre el tratamiento de datos y permite al Usuario realizar las siguientes acciones:<\/p>\n\n<ul style=\"color: #7a7a7a; font-family: Roboto, sans-serif; font-size: 18px; font-style: normal; font-weight: 400;\">\n \t<li>Aceptar o rechazar la instalaci\u00f3n de cookies, o retirar el consentimiento previamente otorgado.<\/li>\n \t<li>Cambiar las preferencias de cookies desde la p\u00e1gina Personalizar Cookies, a la que puede acceder desde el Aviso de Cookies o desde la p\u00e1gina de\u00a0<a style=\"border: 0px; margin: 0px; padding: 0px; transition: color 0.1s ease-in-out 0s, background-color 0.1s ease-in-out 0s; text-decoration-line: none;\" href=\"https:\/\/www.transipsicologaintegral.com\/personalizar-cookies\/\" target=\"_blank\" rel=\"noopener\">Personalizar Cookies<\/a>.<\/li>\n \t<li>Obtener informaci\u00f3n adicional en la p\u00e1gina de\u00a0<a style=\"border: 0px; margin: 0px; padding: 0px; transition: color 0.1s ease-in-out 0s, background-color 0.1s ease-in-out 0s; text-decoration-line: none;\" href=\"https:\/\/www.transipsicologaintegral.com\/politica-de-cookies\/\" target=\"_blank\" rel=\"noopener\">Pol\u00edtica de Cookies<\/a>.<\/li>\n<\/ul>\t\t\t\t\t\t\t\t<\/div>\n\t\t\t\t<\/div>\n\t\t\t\t<div class=\"elementor-element elementor-element-6106342 elementor-widget elementor-widget-heading\" data-id=\"6106342\" data-element_type=\"widget\" data-widget_type=\"heading.default\">\n\t\t\t\t<div class=\"elementor-widget-container\">\n\t\t\t\t\t<h2 class=\"elementor-heading-title elementor-size-default\">Eliminaci\u00f3n de cookies<\/h2>\t\t\t\t<\/div>\n\t\t\t\t<\/div>\n\t\t\t\t<div class=\"elementor-element elementor-element-3f3d7ba elementor-widget elementor-widget-text-editor\" data-id=\"3f3d7ba\" data-element_type=\"widget\" data-widget_type=\"text-editor.default\">\n\t\t\t\t<div class=\"elementor-widget-container\">\n\t\t\t\t\t\t\t\t\t<p style=\"margin-bottom: 1.5em; color: #7a7a7a; font-family: Roboto, sans-serif; font-size: 18px; font-style: normal; font-weight: 400;\">Puede aceptar, bloquear o eliminar las cookies instaladas en su equipo mediante la configuraci\u00f3n de las opciones del navegador, pero tenga en cuenta que parte del sitio no funcionar\u00e1 correctamente o que algunas de sus funcionalidades no estar\u00e1n disponibles o tendr\u00e1n errores.<\/p>\n<p style=\"margin-bottom: 1.5em; color: #7a7a7a; font-family: Roboto, sans-serif; font-size: 18px; font-style: normal; font-weight: 400;\">En los siguientes enlaces encontrar\u00e1 instrucciones para habilitar o deshabilitar las cookies en los navegadores m\u00e1s comunes.<\/p>\n\n<ul style=\"color: #7a7a7a; font-family: Roboto, sans-serif; font-size: 18px; font-style: normal; font-weight: 400;\">\n \t<li><a style=\"border: 0px; margin: 0px; padding: 0px; transition: color 0.1s ease-in-out 0s, background-color 0.1s ease-in-out 0s; text-decoration-line: none;\" href=\"http:\/\/support.mozilla.org\/es\/kb\/habilitar-y-deshabilitar-cookies-que-los-sitios-we\" target=\"_blank\" rel=\"nofollow noopener\">Firefox<\/a><\/li>\n \t<li><a style=\"border: 0px; margin: 0px; padding: 0px; transition: color 0.1s ease-in-out 0s, background-color 0.1s ease-in-out 0s; text-decoration-line: none;\" href=\"https:\/\/support.google.com\/chrome\/answer\/95647?hl=es\" target=\"_blank\" rel=\"noopener noreferrer nofollow\">Google Chrome<\/a><\/li>\n \t<li><a style=\"border: 0px; margin: 0px; padding: 0px; transition: color 0.1s ease-in-out 0s, background-color 0.1s ease-in-out 0s; text-decoration-line: none;\" href=\"https:\/\/support.microsoft.com\/es-es\/help\/17442\/windows-internet-explorer-delete-manage-cookies#ie=%22ie-10\" target=\"_blank\" rel=\"noopener noreferrer nofollow\">Internet Explorer<\/a><\/li>\n \t<li><a style=\"border: 0px; margin: 0px; padding: 0px; transition: color 0.1s ease-in-out 0s, background-color 0.1s ease-in-out 0s; text-decoration-line: none;\" href=\"https:\/\/support.microsoft.com\/es-es\/help\/4468242\/microsoft-edge-browsing-data-and-privacy\" target=\"_blank\" rel=\"noopener noreferrer nofollow\">Microsoft Edge<\/a><\/li>\n \t<li><a style=\"border: 0px; margin: 0px; padding: 0px; transition: color 0.1s ease-in-out 0s, background-color 0.1s ease-in-out 0s; text-decoration-line: none;\" href=\"http:\/\/support.apple.com\/kb\/HT1677?viewlocale=es_ES\" target=\"_blank\" rel=\"nofollow noopener\">Safari<\/a><\/li>\n<\/ul>\t\t\t\t\t\t\t\t<\/div>\n\t\t\t\t<\/div>\n\t\t\t\t<div class=\"elementor-element elementor-element-8a43636 elementor-widget elementor-widget-heading\" data-id=\"8a43636\" data-element_type=\"widget\" data-widget_type=\"heading.default\">\n\t\t\t\t<div class=\"elementor-widget-container\">\n\t\t\t\t\t<h2 class=\"elementor-heading-title elementor-size-default\">Tratamiento de datos personales<\/h2>\t\t\t\t<\/div>\n\t\t\t\t<\/div>\n\t\t\t\t<div class=\"elementor-element elementor-element-69ac66c elementor-widget elementor-widget-text-editor\" data-id=\"69ac66c\" data-element_type=\"widget\" data-widget_type=\"text-editor.default\">\n\t\t\t\t<div class=\"elementor-widget-container\">\n\t\t\t\t\t\t\t\t\t<p style=\"margin-bottom: 1.5em; color: #7a7a7a; font-family: Roboto, sans-serif; font-size: 18px; font-style: normal; font-weight: 400;\">El Titular es el Responsable del tratamiento de los datos personales del usuario. Puede consultar toda la informaci\u00f3n relativa al tratamiento de datos personales que recoge el Titular en la p\u00e1gina de la\u00a0<a style=\"border: 0px; margin: 0px; padding: 0px; transition: color 0.1s ease-in-out 0s, background-color 0.1s ease-in-out 0s; text-decoration-line: none;\" href=\"http:\/\/miguelangelmontilla.es\/politica-de-privacidad\/\">Pol\u00edtica de Privacidad<\/a>.<\/p>\t\t\t\t\t\t\t\t<\/div>\n\t\t\t\t<\/div>\n\t\t\t\t<div class=\"elementor-element elementor-element-f3d7cc5 elementor-widget elementor-widget-heading\" data-id=\"f3d7cc5\" data-element_type=\"widget\" data-widget_type=\"heading.default\">\n\t\t\t\t<div class=\"elementor-widget-container\">\n\t\t\t\t\t<h2 class=\"elementor-heading-title elementor-size-default\">Contacto<\/h2>\t\t\t\t<\/div>\n\t\t\t\t<\/div>\n\t\t\t\t<div class=\"elementor-element elementor-element-1459247 elementor-widget elementor-widget-text-editor\" data-id=\"1459247\" data-element_type=\"widget\" data-widget_type=\"text-editor.default\">\n\t\t\t\t<div class=\"elementor-widget-container\">\n\t\t\t\t\t\t\t\t\t<p style=\"margin-bottom: 1.5em; color: #7a7a7a; font-family: Roboto, sans-serif; font-size: 18px; font-style: normal; font-weight: 400;\"><span style=\"font-family: Roboto, sans-serif;\">En caso de que tenga cualquier duda acerca de esta Pol\u00edtica de Cookies o quiera realizar cualquier comentario sobre este sitio Web, puede enviar un mensaje a la direcci\u00f3n de correo electr\u00f3nico:&nbsp;<\/span><\/p><p style=\"margin-bottom: 1.5em; color: #7a7a7a; font-family: Roboto, sans-serif; font-size: 18px; font-style: normal; font-weight: 400;\"><span style=\"color: #54595f; font-weight: bold; background-color: var(--ast-global-color-5);\">miguelangelexperiencias@gmail.com<\/span><\/p>\t\t\t\t\t\t\t\t<\/div>\n\t\t\t\t<\/div>\n\t\t\t\t\t<\/div>\n\t\t<\/div>\n\t\t\t\t\t<\/div>\n\t\t<\/section>\n\t\t\t\t<\/div>\n\t\t","protected":false},"excerpt":{"rendered":"<p>POL\u00cdTICA DE COOKIES En cumplimiento con el art\u00edculo 22 de la Ley 34\/2002, de 11 de julio, de servicios de la sociedad de la informaci\u00f3n y de comercio electr\u00f3nico (LSSI), en relaci\u00f3n con el Reglamento (UE) 2016\/679 del Parlamento Europeo y del Consejo, de 27 de abril de 2016, General de Protecci\u00f3n de Datos (RGPD) &hellip;<\/p>\n<p class=\"read-more\"> <a class=\"\" href=\"https:\/\/miguelangelmontilla.es\/?page_id=149\"> <span class=\"screen-reader-text\">POL\u00cdTICA DE COOKIES<\/span> Leer m\u00e1s &raquo;<\/a><\/p>\n","protected":false},"author":3,"featured_media":0,"parent":0,"menu_order":0,"comment_status":"closed","ping_status":"closed","template":"","meta":{"site-sidebar-layout":"no-sidebar","site-content-layout":"page-builder","ast-global-header-display":"","ast-main-header-display":"","ast-hfb-above-header-display":"","ast-hfb-below-header-display":"","ast-hfb-mobile-header-display":"","site-post-title":"disabled","ast-breadcrumbs-content":"","ast-featured-img":"disabled","footer-sml-layout":"","theme-transparent-header-meta":"default","adv-header-id-meta":"","stick-header-meta":"","header-above-stick-meta":"","header-main-stick-meta":"","header-below-stick-meta":"","footnotes":""},"class_list":["post-149","page","type-page","status-publish","hentry"],"_links":{"self":[{"href":"https:\/\/miguelangelmontilla.es\/index.php?rest_route=\/wp\/v2\/pages\/149","targetHints":{"allow":["GET"]}}],"collection":[{"href":"https:\/\/miguelangelmontilla.es\/index.php?rest_route=\/wp\/v2\/pages"}],"about":[{"href":"https:\/\/miguelangelmontilla.es\/index.php?rest_route=\/wp\/v2\/types\/page"}],"author":[{"embeddable":true,"href":"https:\/\/miguelangelmontilla.es\/index.php?rest_route=\/wp\/v2\/users\/3"}],"replies":[{"embeddable":true,"href":"https:\/\/miguelangelmontilla.es\/index.php?rest_route=%2Fwp%2Fv2%2Fcomments&post=149"}],"version-history":[{"count":23,"href":"https:\/\/miguelangelmontilla.es\/index.php?rest_route=\/wp\/v2\/pages\/149\/revisions"}],"predecessor-version":[{"id":894,"href":"https:\/\/miguelangelmontilla.es\/index.php?rest_route=\/wp\/v2\/pages\/149\/revisions\/894"}],"wp:attachment":[{"href":"https:\/\/miguelangelmontilla.es\/index.php?rest_route=%2Fwp%2Fv2%2Fmedia&parent=149"}],"curies":[{"name":"wp","href":"https:\/\/api.w.org\/{rel}","templated":true}]}}