{"id":26,"date":"2022-12-07T15:45:27","date_gmt":"2022-12-07T15:45:27","guid":{"rendered":"http:\/\/miguelangelmontilla.es\/?page_id=26"},"modified":"2023-07-29T18:16:15","modified_gmt":"2023-07-29T18:16:15","slug":"empresas-y-autonomos","status":"publish","type":"page","link":"https:\/\/miguelangelmontilla.es\/?page_id=26","title":{"rendered":"EMPRESAS Y AUT\u00d3NOMOS"},"content":{"rendered":"\t\t<div data-elementor-type=\"wp-page\" data-elementor-id=\"26\" class=\"elementor elementor-26\" data-elementor-post-type=\"page\">\n\t\t\t\t\t\t<section class=\"elementor-section elementor-top-section elementor-element elementor-element-cc74e1c elementor-section-full_width elementor-section-stretched elementor-section-height-default elementor-section-height-default\" data-id=\"cc74e1c\" data-element_type=\"section\" data-settings=\"{&quot;background_background&quot;:&quot;classic&quot;,&quot;stretch_section&quot;:&quot;section-stretched&quot;}\">\n\t\t\t\t\t\t<div class=\"elementor-container elementor-column-gap-default\">\n\t\t\t\t\t<div class=\"elementor-column elementor-col-100 elementor-top-column elementor-element elementor-element-294917a\" data-id=\"294917a\" data-element_type=\"column\">\n\t\t\t<div class=\"elementor-widget-wrap elementor-element-populated\">\n\t\t\t\t\t\t<section class=\"elementor-section elementor-inner-section elementor-element elementor-element-7d36273 elementor-section-boxed elementor-section-height-default elementor-section-height-default\" data-id=\"7d36273\" data-element_type=\"section\">\n\t\t\t\t\t\t<div class=\"elementor-container elementor-column-gap-default\">\n\t\t\t\t\t<div class=\"elementor-column elementor-col-50 elementor-inner-column elementor-element elementor-element-acb3cff\" data-id=\"acb3cff\" data-element_type=\"column\">\n\t\t\t<div class=\"elementor-widget-wrap elementor-element-populated\">\n\t\t\t\t\t\t<div class=\"elementor-element elementor-element-229ddff elementor-widget elementor-widget-heading\" data-id=\"229ddff\" data-element_type=\"widget\" data-widget_type=\"heading.default\">\n\t\t\t\t<div class=\"elementor-widget-container\">\n\t\t\t\t\t<h1 class=\"elementor-heading-title elementor-size-default\">EMPRESAS Y AUT\u00d3NOMOS<\/h1>\t\t\t\t<\/div>\n\t\t\t\t<\/div>\n\t\t\t\t<div class=\"elementor-element elementor-element-7dcf194 elementor-widget elementor-widget-text-editor\" data-id=\"7dcf194\" data-element_type=\"widget\" data-widget_type=\"text-editor.default\">\n\t\t\t\t<div class=\"elementor-widget-container\">\n\t\t\t\t\t\t\t\t\t<p><span style=\"white-space: pre-wrap;\"><b>\u201cTE DOY LAS HERRAMIENTAS PARA QUE EN UN LAPSO DE TREINTA SEGUNDOS A UN MINUTO, ENAMORES A TU AUDIENCIA\u201d<\/b><br \/><\/span><\/p>\t\t\t\t\t\t\t\t<\/div>\n\t\t\t\t<\/div>\n\t\t\t\t<div class=\"elementor-element elementor-element-efa127c elementor-mobile-align-center elementor-widget elementor-widget-button\" data-id=\"efa127c\" data-element_type=\"widget\" data-widget_type=\"button.default\">\n\t\t\t\t<div class=\"elementor-widget-container\">\n\t\t\t\t\t\t\t\t\t<div class=\"elementor-button-wrapper\">\n\t\t\t\t\t<a class=\"elementor-button elementor-button-link elementor-size-sm\" href=\"#6\">\n\t\t\t\t\t\t<span class=\"elementor-button-content-wrapper\">\n\t\t\t\t\t\t\t\t\t<span class=\"elementor-button-text\">SABER M\u00c1S<\/span>\n\t\t\t\t\t<\/span>\n\t\t\t\t\t<\/a>\n\t\t\t\t<\/div>\n\t\t\t\t\t\t\t\t<\/div>\n\t\t\t\t<\/div>\n\t\t\t\t\t<\/div>\n\t\t<\/div>\n\t\t\t\t<div class=\"elementor-column elementor-col-50 elementor-inner-column elementor-element elementor-element-3779b14\" data-id=\"3779b14\" data-element_type=\"column\">\n\t\t\t<div class=\"elementor-widget-wrap elementor-element-populated\">\n\t\t\t\t\t\t<div class=\"elementor-element elementor-element-9a3a5a7 elementor-widget elementor-widget-image\" data-id=\"9a3a5a7\" data-element_type=\"widget\" data-widget_type=\"image.default\">\n\t\t\t\t<div class=\"elementor-widget-container\">\n\t\t\t\t\t\t\t\t\t\t\t\t\t\t\t<img fetchpriority=\"high\" decoding=\"async\" width=\"679\" height=\"626\" src=\"https:\/\/miguelangelmontilla.es\/wp-content\/uploads\/2022\/12\/Group-786-e1670897459908.png\" class=\"attachment-full size-full wp-image-311\" alt=\"CUENTOS QUE TRANSFORMAN Miguel \u00c1ngel Montilla\" srcset=\"https:\/\/miguelangelmontilla.es\/wp-content\/uploads\/2022\/12\/Group-786-e1670897459908.png 679w, https:\/\/miguelangelmontilla.es\/wp-content\/uploads\/2022\/12\/Group-786-e1670897459908-300x277.png 300w\" sizes=\"(max-width: 679px) 100vw, 679px\" title=\"\">\t\t\t\t\t\t\t\t\t\t\t\t\t\t\t<\/div>\n\t\t\t\t<\/div>\n\t\t\t\t\t<\/div>\n\t\t<\/div>\n\t\t\t\t\t<\/div>\n\t\t<\/section>\n\t\t\t\t\t<\/div>\n\t\t<\/div>\n\t\t\t\t\t<\/div>\n\t\t<\/section>\n\t\t\t\t<section class=\"elementor-section elementor-top-section elementor-element elementor-element-c586ca4 elementor-section-stretched elementor-section-boxed elementor-section-height-default elementor-section-height-default\" data-id=\"c586ca4\" data-element_type=\"section\" data-settings=\"{&quot;background_background&quot;:&quot;classic&quot;,&quot;stretch_section&quot;:&quot;section-stretched&quot;}\">\n\t\t\t\t\t\t<div class=\"elementor-container elementor-column-gap-default\">\n\t\t\t\t\t<div class=\"elementor-column elementor-col-50 elementor-top-column elementor-element elementor-element-ad573c0\" data-id=\"ad573c0\" data-element_type=\"column\">\n\t\t\t<div class=\"elementor-widget-wrap elementor-element-populated\">\n\t\t\t\t\t\t<div class=\"elementor-element elementor-element-c2b6243 elementor-hidden-tablet elementor-hidden-mobile elementor-widget elementor-widget-image\" data-id=\"c2b6243\" data-element_type=\"widget\" data-widget_type=\"image.default\">\n\t\t\t\t<div class=\"elementor-widget-container\">\n\t\t\t\t\t\t\t\t\t\t\t\t\t\t\t<img decoding=\"async\" width=\"303\" height=\"358\" src=\"https:\/\/miguelangelmontilla.es\/wp-content\/uploads\/2022\/12\/Symbol-Deal-Growth-Green.I03-1-e1670897532567.png\" class=\"attachment-large size-large wp-image-76\" alt=\"\" srcset=\"https:\/\/miguelangelmontilla.es\/wp-content\/uploads\/2022\/12\/Symbol-Deal-Growth-Green.I03-1-e1670897532567.png 303w, https:\/\/miguelangelmontilla.es\/wp-content\/uploads\/2022\/12\/Symbol-Deal-Growth-Green.I03-1-e1670897532567-254x300.png 254w\" sizes=\"(max-width: 303px) 100vw, 303px\" title=\"\">\t\t\t\t\t\t\t\t\t\t\t\t\t\t\t<\/div>\n\t\t\t\t<\/div>\n\t\t\t\t\t<\/div>\n\t\t<\/div>\n\t\t\t\t<div class=\"elementor-column elementor-col-50 elementor-top-column elementor-element elementor-element-aba02b2\" data-id=\"aba02b2\" data-element_type=\"column\">\n\t\t\t<div class=\"elementor-widget-wrap elementor-element-populated\">\n\t\t\t\t\t\t<div class=\"elementor-element elementor-element-0ae0088 elementor-widget elementor-widget-heading\" data-id=\"0ae0088\" data-element_type=\"widget\" data-widget_type=\"heading.default\">\n\t\t\t\t<div class=\"elementor-widget-container\">\n\t\t\t\t\t<h2 class=\"elementor-heading-title elementor-size-default\">EL TIEMPO ES ORO<\/h2>\t\t\t\t<\/div>\n\t\t\t\t<\/div>\n\t\t\t\t<div class=\"elementor-element elementor-element-56130b9 elementor-widget elementor-widget-text-editor\" data-id=\"56130b9\" data-element_type=\"widget\" data-widget_type=\"text-editor.default\">\n\t\t\t\t<div class=\"elementor-widget-container\">\n\t\t\t\t\t\t\t\t\t<p>Me gusta ver c\u00f3mo los emprendedores aprenden a comunicar mejor lo que desean ofrecer y transmitir con emoci\u00f3n y racionalidad en su justo equilibrio sus productos o servicios.<\/p>\t\t\t\t\t\t\t\t<\/div>\n\t\t\t\t<\/div>\n\t\t\t\t<div class=\"elementor-element elementor-element-89d9c8d elementor-widget elementor-widget-image\" data-id=\"89d9c8d\" data-element_type=\"widget\" data-widget_type=\"image.default\">\n\t\t\t\t<div class=\"elementor-widget-container\">\n\t\t\t\t\t\t\t\t\t\t\t\t\t\t\t<img decoding=\"async\" width=\"730\" height=\"110\" src=\"https:\/\/miguelangelmontilla.es\/wp-content\/uploads\/2022\/12\/Group-783.png\" class=\"attachment-large size-large wp-image-77\" alt=\"\" srcset=\"https:\/\/miguelangelmontilla.es\/wp-content\/uploads\/2022\/12\/Group-783.png 730w, https:\/\/miguelangelmontilla.es\/wp-content\/uploads\/2022\/12\/Group-783-300x45.png 300w\" sizes=\"(max-width: 730px) 100vw, 730px\" title=\"\">\t\t\t\t\t\t\t\t\t\t\t\t\t\t\t<\/div>\n\t\t\t\t<\/div>\n\t\t\t\t<div class=\"elementor-element elementor-element-9d655d8 elementor-widget elementor-widget-text-editor\" data-id=\"9d655d8\" data-element_type=\"widget\" data-widget_type=\"text-editor.default\">\n\t\t\t\t<div class=\"elementor-widget-container\">\n\t\t\t\t\t\t\t\t\t<p><span style=\"white-space: pre-wrap;\"><b>Tiempo estimado de 50 minutos.<\/b><\/span><\/p>\t\t\t\t\t\t\t\t<\/div>\n\t\t\t\t<\/div>\n\t\t\t\t\t<\/div>\n\t\t<\/div>\n\t\t\t\t\t<\/div>\n\t\t<\/section>\n\t\t\t\t<section class=\"elementor-section elementor-top-section elementor-element elementor-element-03c91d3 elementor-section-stretched elementor-section-boxed elementor-section-height-default elementor-section-height-default\" data-id=\"03c91d3\" data-element_type=\"section\" id=\"6\" data-settings=\"{&quot;stretch_section&quot;:&quot;section-stretched&quot;}\">\n\t\t\t\t\t\t<div class=\"elementor-container elementor-column-gap-default\">\n\t\t\t\t\t<div class=\"elementor-column elementor-col-100 elementor-top-column elementor-element elementor-element-c99f18c\" data-id=\"c99f18c\" data-element_type=\"column\">\n\t\t\t<div class=\"elementor-widget-wrap elementor-element-populated\">\n\t\t\t\t\t\t<div class=\"elementor-element elementor-element-7a5aec1 elementor-widget elementor-widget-heading\" data-id=\"7a5aec1\" data-element_type=\"widget\" data-widget_type=\"heading.default\">\n\t\t\t\t<div class=\"elementor-widget-container\">\n\t\t\t\t\t<h2 class=\"elementor-heading-title elementor-size-default\">SERVICIO A EMPRESA<\/h2>\t\t\t\t<\/div>\n\t\t\t\t<\/div>\n\t\t\t\t<div class=\"elementor-element elementor-element-c24baf9 elementor-widget elementor-widget-heading\" data-id=\"c24baf9\" data-element_type=\"widget\" data-widget_type=\"heading.default\">\n\t\t\t\t<div class=\"elementor-widget-container\">\n\t\t\t\t\t<h2 class=\"elementor-heading-title elementor-size-default\">ENTRENAMIENTO PARA \"ELEVATOR PITCH\" <br>(Y STORYTELLING, TED TALKS O CONFERENCISTAS)<\/h2>\t\t\t\t<\/div>\n\t\t\t\t<\/div>\n\t\t\t\t<section class=\"elementor-section elementor-inner-section elementor-element elementor-element-e0269b2 elementor-section-boxed elementor-section-height-default elementor-section-height-default\" data-id=\"e0269b2\" data-element_type=\"section\">\n\t\t\t\t\t\t<div class=\"elementor-container elementor-column-gap-default\">\n\t\t\t\t\t<div class=\"elementor-column elementor-col-50 elementor-inner-column elementor-element elementor-element-ad0ce3f\" data-id=\"ad0ce3f\" data-element_type=\"column\">\n\t\t\t<div class=\"elementor-widget-wrap elementor-element-populated\">\n\t\t\t\t\t\t<div class=\"elementor-element elementor-element-1b20cd7 elementor-widget elementor-widget-text-editor\" data-id=\"1b20cd7\" data-element_type=\"widget\" data-widget_type=\"text-editor.default\">\n\t\t\t\t<div class=\"elementor-widget-container\">\n\t\t\t\t\t\t\t\t\t<p>Elevator pitch es un discurso corto para captar la atenci\u00f3n de los oyentes y comunicar los principales puntos fuertes de tu negocio o emprendimiento en lo que dura un trayecto en ascensor, entre 30 segundos y un minuto.<\/p><p>Sup\u00f3n que ya tienes la estructura perfecta de lo que quieres comunicar con tu pitch. Tu propuesta de valor est\u00e1 clara y organizada. Ahora, debes saber que tu audiencia recibir\u00e1 s\u00f3lo un 35% del discurso que has elaborado con tanto esmero.<\/p><p>El 65% restante, es decir, la mayor\u00eda de la informaci\u00f3n, llegar\u00e1 mediante tu lenguaje extraverbal: <b>gestos, movimientos, entonaci\u00f3n<\/b>\u2026 Y ah\u00ed es d\u00f3nde puedo ayudarte. M\u00e1s all\u00e1 del discurso que hayas preparado, te entreno para que aumentes tus habilidades persuasivas, para que tu actitud, desde lejos, manifieste tu dominio de la escena y tu capacidad de liderazgo.<\/p>\t\t\t\t\t\t\t\t<\/div>\n\t\t\t\t<\/div>\n\t\t\t\t<div class=\"elementor-element elementor-element-f49bcb4 elementor-widget elementor-widget-text-editor\" data-id=\"f49bcb4\" data-element_type=\"widget\" data-widget_type=\"text-editor.default\">\n\t\t\t\t<div class=\"elementor-widget-container\">\n\t\t\t\t\t\t\t\t\t<p><span style=\"white-space: pre-wrap;\"><b>aprender\u00e1s a pronunciar bien, hablar despacio, claro y modular el tono de la voz para enfatizar las principales ideas.<\/b><\/span><\/p>\t\t\t\t\t\t\t\t<\/div>\n\t\t\t\t<\/div>\n\t\t\t\t<div class=\"elementor-element elementor-element-bb19a03 elementor-widget elementor-widget-image\" data-id=\"bb19a03\" data-element_type=\"widget\" data-widget_type=\"image.default\">\n\t\t\t\t<div class=\"elementor-widget-container\">\n\t\t\t\t\t\t\t\t\t\t\t\t\t\t\t<img loading=\"lazy\" decoding=\"async\" width=\"465\" height=\"422\" src=\"https:\/\/miguelangelmontilla.es\/wp-content\/uploads\/2022\/12\/12.-business-deal-1.png\" class=\"attachment-large size-large wp-image-78\" alt=\"\" srcset=\"https:\/\/miguelangelmontilla.es\/wp-content\/uploads\/2022\/12\/12.-business-deal-1.png 465w, https:\/\/miguelangelmontilla.es\/wp-content\/uploads\/2022\/12\/12.-business-deal-1-300x272.png 300w\" sizes=\"(max-width: 465px) 100vw, 465px\" title=\"\">\t\t\t\t\t\t\t\t\t\t\t\t\t\t\t<\/div>\n\t\t\t\t<\/div>\n\t\t\t\t<div class=\"elementor-element elementor-element-cb6963f elementor-widget elementor-widget-text-editor\" data-id=\"cb6963f\" data-element_type=\"widget\" data-widget_type=\"text-editor.default\">\n\t\t\t\t<div class=\"elementor-widget-container\">\n\t\t\t\t\t\t\t\t\t<p><span style=\"white-space: pre-wrap;\"><b>METODOLOG\u00cdA<\/b><\/span><\/p>\t\t\t\t\t\t\t\t<\/div>\n\t\t\t\t<\/div>\n\t\t\t\t<div class=\"elementor-element elementor-element-caa4fc6 elementor-widget elementor-widget-text-editor\" data-id=\"caa4fc6\" data-element_type=\"widget\" data-widget_type=\"text-editor.default\">\n\t\t\t\t<div class=\"elementor-widget-container\">\n\t\t\t\t\t\t\t\t\t<p>Taller te\u00f3rico-pr\u00e1ctico donde se examinan tus posibilidades expresivas para luego potenciarlas. Ayudados por los ejercicios y las improvisaciones se toma conciencia de los movimientos del cuerpo durante el proceso de comunicaci\u00f3n. El recurso de \u201cm\u00e1scara neutra\u201d se emplea para eliminar los gestos parasitarios, que no aportan valor a la expresi\u00f3n. Las pr\u00e1cticas de pantomima ayudan a ser conscientes de la importancia del \u201cpunto fijo\u201d.<\/p>\t\t\t\t\t\t\t\t<\/div>\n\t\t\t\t<\/div>\n\t\t\t\t\t<\/div>\n\t\t<\/div>\n\t\t\t\t<div class=\"elementor-column elementor-col-50 elementor-inner-column elementor-element elementor-element-7cbd7c5\" data-id=\"7cbd7c5\" data-element_type=\"column\">\n\t\t\t<div class=\"elementor-widget-wrap elementor-element-populated\">\n\t\t\t\t\t\t<div class=\"elementor-element elementor-element-b6cf170 elementor-widget elementor-widget-text-editor\" data-id=\"b6cf170\" data-element_type=\"widget\" data-widget_type=\"text-editor.default\">\n\t\t\t\t<div class=\"elementor-widget-container\">\n\t\t\t\t\t\t\t\t\t<p><span style=\"white-space: pre-wrap;\"><b>Treinta segundos a un minuto en los que tienes que enamorar a tu audiencia.<\/b><\/span><\/p>\t\t\t\t\t\t\t\t<\/div>\n\t\t\t\t<\/div>\n\t\t\t\t<div class=\"elementor-element elementor-element-277b3c5 elementor-widget elementor-widget-image\" data-id=\"277b3c5\" data-element_type=\"widget\" data-widget_type=\"image.default\">\n\t\t\t\t<div class=\"elementor-widget-container\">\n\t\t\t\t\t\t\t\t\t\t\t\t\t\t\t<img loading=\"lazy\" decoding=\"async\" width=\"435\" height=\"435\" src=\"https:\/\/miguelangelmontilla.es\/wp-content\/uploads\/2022\/12\/32.-marketing-target-4.png\" class=\"attachment-medium_large size-medium_large wp-image-79\" alt=\"EMPRESAS Y AUT\u00d3NOMOS\" srcset=\"https:\/\/miguelangelmontilla.es\/wp-content\/uploads\/2022\/12\/32.-marketing-target-4.png 435w, https:\/\/miguelangelmontilla.es\/wp-content\/uploads\/2022\/12\/32.-marketing-target-4-300x300.png 300w, https:\/\/miguelangelmontilla.es\/wp-content\/uploads\/2022\/12\/32.-marketing-target-4-150x150.png 150w\" sizes=\"(max-width: 435px) 100vw, 435px\" title=\"\">\t\t\t\t\t\t\t\t\t\t\t\t\t\t\t<\/div>\n\t\t\t\t<\/div>\n\t\t\t\t<div class=\"elementor-element elementor-element-872b5cf elementor-widget elementor-widget-text-editor\" data-id=\"872b5cf\" data-element_type=\"widget\" data-widget_type=\"text-editor.default\">\n\t\t\t\t<div class=\"elementor-widget-container\">\n\t\t\t\t\t\t\t\t\t<p><span style=\"white-space: pre-wrap;\"><b>OBJETIVO<\/b><\/span><\/p>\t\t\t\t\t\t\t\t<\/div>\n\t\t\t\t<\/div>\n\t\t\t\t<div class=\"elementor-element elementor-element-51afc19 elementor-widget elementor-widget-text-editor\" data-id=\"51afc19\" data-element_type=\"widget\" data-widget_type=\"text-editor.default\">\n\t\t\t\t<div class=\"elementor-widget-container\">\n\t\t\t\t\t\t\t\t\t<p>Con este taller te responder\u00e1s algunas preguntas que deciden el \u00e9xito de tu discurso p\u00fablico, cualquiera que sea:\u00a0<\/p><p>\u2022 \u00bfQu\u00e9 hacer con la vista? \u00bfHacia d\u00f3nde mirar? \u00bfC\u00f3mo mirar?\u00a0<\/p><p>\u2022 \u00bfQu\u00e9 hacer con las manos? \u00bfSostener las notas y el bol\u00edgrafo, tocarme el pelo, jugar con el reloj pulsera sin darme cuenta o guardarlas en los bolsillos?\u00a0<\/p><p>\u2022 \u00bfSonr\u00edo o permanezco serio? \u00bfMuestro una sonrisa franca y abierta o los nervios me est\u00e1n traicionando?\u00a0<\/p><p>\u2022 \u00bfC\u00f3mo domino el espacio? \u00bfCamino o me quedo parado? \u00bfTengo la espalda recta o encorvada?\u00a0<\/p><p>\u2022 \u00bfTransmito la pasi\u00f3n y el optimismo que siento por mi emprendimiento, o le estoy poniendo al asunto una energ\u00eda contraproducente?<\/p>\t\t\t\t\t\t\t\t<\/div>\n\t\t\t\t<\/div>\n\t\t\t\t<div class=\"elementor-element elementor-element-85a6b9b elementor-widget elementor-widget-image\" data-id=\"85a6b9b\" data-element_type=\"widget\" data-widget_type=\"image.default\">\n\t\t\t\t<div class=\"elementor-widget-container\">\n\t\t\t\t\t\t\t\t\t\t\t\t\t\t\t<img loading=\"lazy\" decoding=\"async\" width=\"422\" height=\"422\" src=\"https:\/\/miguelangelmontilla.es\/wp-content\/uploads\/2022\/12\/44.-smart-people-1.png\" class=\"attachment-large size-large wp-image-80\" alt=\"\" srcset=\"https:\/\/miguelangelmontilla.es\/wp-content\/uploads\/2022\/12\/44.-smart-people-1.png 422w, https:\/\/miguelangelmontilla.es\/wp-content\/uploads\/2022\/12\/44.-smart-people-1-300x300.png 300w, https:\/\/miguelangelmontilla.es\/wp-content\/uploads\/2022\/12\/44.-smart-people-1-150x150.png 150w\" sizes=\"(max-width: 422px) 100vw, 422px\" title=\"\">\t\t\t\t\t\t\t\t\t\t\t\t\t\t\t<\/div>\n\t\t\t\t<\/div>\n\t\t\t\t\t<\/div>\n\t\t<\/div>\n\t\t\t\t\t<\/div>\n\t\t<\/section>\n\t\t\t\t<div class=\"elementor-element elementor-element-65c0d36 elementor-align-center elementor-widget elementor-widget-button\" data-id=\"65c0d36\" data-element_type=\"widget\" data-widget_type=\"button.default\">\n\t\t\t\t<div class=\"elementor-widget-container\">\n\t\t\t\t\t\t\t\t\t<div class=\"elementor-button-wrapper\">\n\t\t\t\t\t<a class=\"elementor-button elementor-button-link elementor-size-sm\" href=\"https:\/\/wa.link\/uluthj\" target=\"_blank\" rel=\"noopener\">\n\t\t\t\t\t\t<span class=\"elementor-button-content-wrapper\">\n\t\t\t\t\t\t\t\t\t<span class=\"elementor-button-text\">CONTACTAR<\/span>\n\t\t\t\t\t<\/span>\n\t\t\t\t\t<\/a>\n\t\t\t\t<\/div>\n\t\t\t\t\t\t\t\t<\/div>\n\t\t\t\t<\/div>\n\t\t\t\t\t<\/div>\n\t\t<\/div>\n\t\t\t\t\t<\/div>\n\t\t<\/section>\n\t\t\t\t<section class=\"elementor-section elementor-top-section elementor-element elementor-element-e824d4e elementor-section-stretched elementor-section-boxed elementor-section-height-default elementor-section-height-default\" data-id=\"e824d4e\" data-element_type=\"section\" data-settings=\"{&quot;background_background&quot;:&quot;classic&quot;,&quot;stretch_section&quot;:&quot;section-stretched&quot;}\">\n\t\t\t\t\t\t<div class=\"elementor-container elementor-column-gap-default\">\n\t\t\t\t\t<div class=\"elementor-column elementor-col-100 elementor-top-column elementor-element elementor-element-475b42e\" data-id=\"475b42e\" data-element_type=\"column\">\n\t\t\t<div class=\"elementor-widget-wrap elementor-element-populated\">\n\t\t\t\t\t\t<div class=\"elementor-element elementor-element-2f99e30 elementor-widget elementor-widget-heading\" data-id=\"2f99e30\" data-element_type=\"widget\" data-widget_type=\"heading.default\">\n\t\t\t\t<div class=\"elementor-widget-container\">\n\t\t\t\t\t<h2 class=\"elementor-heading-title elementor-size-default\">\u00bfALGUNA DUDA?<\/h2>\t\t\t\t<\/div>\n\t\t\t\t<\/div>\n\t\t\t\t<div class=\"elementor-element elementor-element-978621f elementor-widget elementor-widget-heading\" data-id=\"978621f\" data-element_type=\"widget\" data-widget_type=\"heading.default\">\n\t\t\t\t<div class=\"elementor-widget-container\">\n\t\t\t\t\t<h2 class=\"elementor-heading-title elementor-size-default\">ESTOY PARA AYUDARTE<\/h2>\t\t\t\t<\/div>\n\t\t\t\t<\/div>\n\t\t\t\t<div class=\"elementor-element elementor-element-0f50b96 elementor-widget elementor-widget-text-editor\" data-id=\"0f50b96\" data-element_type=\"widget\" data-widget_type=\"text-editor.default\">\n\t\t\t\t<div class=\"elementor-widget-container\">\n\t\t\t\t\t\t\t\t\t<p>Recuerda que siempre es un placer para m\u00ed escucharte y saber de ti. Para opiniones o dudas puedes comunicarte conmigo.<\/p>\t\t\t\t\t\t\t\t<\/div>\n\t\t\t\t<\/div>\n\t\t\t\t<div class=\"elementor-element elementor-element-8513ae3 elementor-align-center elementor-widget elementor-widget-button\" data-id=\"8513ae3\" data-element_type=\"widget\" data-widget_type=\"button.default\">\n\t\t\t\t<div class=\"elementor-widget-container\">\n\t\t\t\t\t\t\t\t\t<div class=\"elementor-button-wrapper\">\n\t\t\t\t\t<a class=\"elementor-button elementor-button-link elementor-size-sm\" href=\"https:\/\/wa.link\/uluthj\" target=\"_blank\" rel=\"noopener\">\n\t\t\t\t\t\t<span class=\"elementor-button-content-wrapper\">\n\t\t\t\t\t\t\t\t\t<span class=\"elementor-button-text\">CONTACTAR<\/span>\n\t\t\t\t\t<\/span>\n\t\t\t\t\t<\/a>\n\t\t\t\t<\/div>\n\t\t\t\t\t\t\t\t<\/div>\n\t\t\t\t<\/div>\n\t\t\t\t\t<\/div>\n\t\t<\/div>\n\t\t\t\t\t<\/div>\n\t\t<\/section>\n\t\t\t\t<\/div>\n\t\t","protected":false},"excerpt":{"rendered":"<p>EMPRESAS Y AUT\u00d3NOMOS \u201cTE DOY LAS HERRAMIENTAS PARA QUE EN UN LAPSO DE TREINTA SEGUNDOS A UN MINUTO, ENAMORES A TU AUDIENCIA\u201d SABER M\u00c1S EL TIEMPO ES ORO Me gusta ver c\u00f3mo los emprendedores aprenden a comunicar mejor lo que desean ofrecer y transmitir con emoci\u00f3n y racionalidad en su justo equilibrio sus productos o &hellip;<\/p>\n<p class=\"read-more\"> <a class=\"\" href=\"https:\/\/miguelangelmontilla.es\/?page_id=26\"> <span class=\"screen-reader-text\">EMPRESAS Y AUT\u00d3NOMOS<\/span> Leer m\u00e1s &raquo;<\/a><\/p>\n","protected":false},"author":3,"featured_media":79,"parent":0,"menu_order":0,"comment_status":"closed","ping_status":"closed","template":"elementor_header_footer","meta":{"site-sidebar-layout":"default","site-content-layout":"default","ast-global-header-display":"","ast-main-header-display":"","ast-hfb-above-header-display":"","ast-hfb-below-header-display":"","ast-hfb-mobile-header-display":"","site-post-title":"","ast-breadcrumbs-content":"","ast-featured-img":"","footer-sml-layout":"","theme-transparent-header-meta":"default","adv-header-id-meta":"","stick-header-meta":"","header-above-stick-meta":"","header-main-stick-meta":"","header-below-stick-meta":"","footnotes":""},"class_list":["post-26","page","type-page","status-publish","has-post-thumbnail","hentry"],"_links":{"self":[{"href":"https:\/\/miguelangelmontilla.es\/index.php?rest_route=\/wp\/v2\/pages\/26","targetHints":{"allow":["GET"]}}],"collection":[{"href":"https:\/\/miguelangelmontilla.es\/index.php?rest_route=\/wp\/v2\/pages"}],"about":[{"href":"https:\/\/miguelangelmontilla.es\/index.php?rest_route=\/wp\/v2\/types\/page"}],"author":[{"embeddable":true,"href":"https:\/\/miguelangelmontilla.es\/index.php?rest_route=\/wp\/v2\/users\/3"}],"replies":[{"embeddable":true,"href":"https:\/\/miguelangelmontilla.es\/index.php?rest_route=%2Fwp%2Fv2%2Fcomments&post=26"}],"version-history":[{"count":35,"href":"https:\/\/miguelangelmontilla.es\/index.php?rest_route=\/wp\/v2\/pages\/26\/revisions"}],"predecessor-version":[{"id":955,"href":"https:\/\/miguelangelmontilla.es\/index.php?rest_route=\/wp\/v2\/pages\/26\/revisions\/955"}],"wp:featuredmedia":[{"embeddable":true,"href":"https:\/\/miguelangelmontilla.es\/index.php?rest_route=\/wp\/v2\/media\/79"}],"wp:attachment":[{"href":"https:\/\/miguelangelmontilla.es\/index.php?rest_route=%2Fwp%2Fv2%2Fmedia&parent=26"}],"curies":[{"name":"wp","href":"https:\/\/api.w.org\/{rel}","templated":true}]}}