{"id":853,"date":"2023-06-29T09:00:00","date_gmt":"2023-06-29T09:00:00","guid":{"rendered":"http:\/\/miguelangelmontilla.es\/?page_id=853"},"modified":"2023-07-31T19:10:44","modified_gmt":"2023-07-31T19:10:44","slug":"accesibilidad","status":"publish","type":"page","link":"https:\/\/miguelangelmontilla.es\/?page_id=853","title":{"rendered":"ACCESIBILIDAD"},"content":{"rendered":"\t\t<div data-elementor-type=\"wp-page\" data-elementor-id=\"853\" class=\"elementor elementor-853\" data-elementor-post-type=\"page\">\n\t\t\t\t\t\t<section class=\"elementor-section elementor-top-section elementor-element elementor-element-44662d4 elementor-section-boxed elementor-section-height-default elementor-section-height-default\" data-id=\"44662d4\" data-element_type=\"section\">\n\t\t\t\t\t\t<div class=\"elementor-container elementor-column-gap-default\">\n\t\t\t\t\t<div class=\"elementor-column elementor-col-100 elementor-top-column elementor-element elementor-element-6eb5ab5\" data-id=\"6eb5ab5\" data-element_type=\"column\">\n\t\t\t<div class=\"elementor-widget-wrap elementor-element-populated\">\n\t\t\t\t\t\t<div class=\"elementor-element elementor-element-59e1b5a elementor-widget elementor-widget-text-editor\" data-id=\"59e1b5a\" data-element_type=\"widget\" data-widget_type=\"text-editor.default\">\n\t\t\t\t<div class=\"elementor-widget-container\">\n\t\t\t\t\t\t\t\t\t<h1>Accesibilidad<\/h1><p>Miguel \u00c1ngel Montilla Domene se ha comprometido a hacer accesible su sitio web, de conformidad con el <a href=\"https:\/\/www.boe.es\/diario_boe\/txt.php?id=BOE-A-2018-12699\" target=\"_blank\" rel=\"nofollow noopener\">Real Decreto 1112\/2018, de 7 de septiembre, sobre accesibilidad de los sitios web y aplicaciones para dispositivos m\u00f3viles del sector p\u00fablico<\/a>.<\/p><p>La presente declaraci\u00f3n de accesibilidad se aplica al sitio web http:\/\/miguelangelmontilla.es\/<\/p><h5>\u00a0<\/h5><h5>SITUACI\u00d3N DE CUMPLIMIENTO<\/h5><p>Este sitio web es parcialmente conforme con el RD 1112\/2018 debido a las excepciones y a la falta de conformidad de los aspectos que se indican en el siguiente punto.<\/p><h5>\u00a0<\/h5><h5>CONTENIDO NO ACCESIBLE<\/h5><p>El contenido que se recoge a continuaci\u00f3n no es accesible por lo siguiente:<\/p><p><strong>Falta de conformidad con el RD 1112\/2018:<\/strong><\/p><div class=\"i4t-include-i4t-h2-h3\" role=\"region\" aria-labelledby=\"i4t-id-5\" data-insuit-uuid=\"f42da666-1b07-4331-9432-36e8c80a2e72\"><ul><li>Existen logotipos e im\u00e1genes con texto alternativo incorrecto o confuso en im\u00e1genes complejas sin descripci\u00f3n textual\u00a0[requisito n\u00famero 9.1.1.1 Contenido no textual, de UNE-EN 301549:2022].<\/li><li>Existen listas creadas de forma incorrecta (sin etiqueta de lista), tablas con celdas etiquetadas incorrectamente y etiquetas invisibles en elementos de formularios, requisito n\u00famero 9.1.3.1 Informaci\u00f3n y relaciones, de UNE-EN 301549:2022.<\/li><li>Existen tablas no adaptadas a tama\u00f1os de pantalla peque\u00f1os y campos de formulario que no se visualizan correctamente en tama\u00f1os de pantalla peque\u00f1os, requisito n\u00famero 9.1.4.10 Reajuste de texto, de UNE-EN 301549:2022.<\/li><li>Existe texto que al cambiar los espacios y alturas de l\u00ednea no se visualiza correctamente, requisito n\u00famero 9.1.4.12 Espaciado de texto, de UNE-EN 301549:2022.<\/li><li>Existen elementos que no son accesibles por teclado, como por ejemplo enlaces a redes sociales, el editor de textos para comentarios, elementos para ordenar resultados de b\u00fasqueda, la paginaci\u00f3n de los resultados de b\u00fasqueda o las flechas de calendario, requisito n\u00famero 9.2.1.1 Teclado, de UNE-EN 301549:2022.<\/li><li>Hay elementos que no reciben el foco y por tanto no se puede interactuar con ellos mediante el teclado, requisito n\u00famero 9.2.4.3 Orden del foco, de UNE-EN 301549:2022.<\/li><li>Hay enlaces en los que no se identifica correctamente su funci\u00f3n (tienen una descripci\u00f3n inadecuada, un texto demasiado gen\u00e9rico, un t\u00edtulo inadecuado\u2026), requisito n\u00famero 9.2.4.4 Prop\u00f3sito de los enlaces, de UNE-EN 301549:2022.<\/li><li>Hay encabezados con texto repetido y\/o poco descriptivo, requisito n\u00famero 9.2.4.6 Encabezados y etiquetas, de UNE-EN 301549:2022.<\/li><li>Existen im\u00e1genes, infograf\u00edas, textos de enlaces o botones, texto de titulares y contenido que no est\u00e1n traducidos a otros idiomas, requisito n\u00famero 9.3.1.2 Idioma de las partes, de UNE-EN 301549:2022.<\/li><li>En alguna p\u00e1gina se est\u00e1 usando el mismo icono para diferentes prop\u00f3sitos, lo cual genera confusi\u00f3n, requisito n\u00famero 9.3.2.4 Identificaci\u00f3n coherente, de UNE-EN 301549:2022.<\/li><li>Existen mensajes de error poco descriptivos, o mensajes de error que no est\u00e1n agrupados en un \u00fanico mensaje as\u00ed como falta de sugerencias en formulario para rellenar los campos correctamente, requisito n\u00famero 9.3.3.1 Identificaci\u00f3n de errores, de UNE-EN 301549:2022.<\/li><li>Existen formularios con campos obligatorios donde no se informa al usuario de ello, as\u00ed como campos donde falta un ejemplo textual del formato del campo. \u2028(como por ejemplo el DNI), requisito n\u00famero 9.3.3.2 Etiquetas e instrucciones, de UNE-EN 301549:2022.<\/li><li>Existen campos de formularios donde se informa del error cuando se introduce un valor incorrecto pero no se informa de una sugerencia para su correcci\u00f3n, requisito n\u00famero 9.3.3.3 Sugerencias ante errores, de UNE-EN 301549:2022.<\/li><li>Existen p\u00e1ginas con errores de sintaxis y por tanto alg\u00fan producto de apoyo puede no interpretar correctamente el contenido (IDs de p\u00e1gina duplicados, etiquetas sin cerrar, construcci\u00f3n incorrecta de etiquetas\u2026), requisito n\u00famero 9.4.1.1 Procesamiento, de UNE-EN 301549:2022.<\/li><li>Existen p\u00e1ginas en las que los productos de apoyo no van a poder obtener informaci\u00f3n, interactuar y estar al corriente del estado de los controles de interfaz de usuario, como por ejemplo, mensajes de ayuda, mensajes de estado de resultado de acciones, atributos de enlaces, imagen de idioma de p\u00e1gina\u2026 que no podr\u00e1n ser le\u00eddo por lectores de pantalla en el momento en el que aparecen, requisito n\u00famero 9.4.1.2 Nombre, funci\u00f3n, valor de UNE-EN 301549:2022.<\/li><li>Podr\u00edan existir fallos puntuales de edici\u00f3n en alguna p\u00e1gina web.<\/li><li><strong style=\"font-size: 16px;\">Carga desproporcionada:<\/strong><span style=\"font-size: 16px;\">\u00a0No resulta aplicable.<\/span><\/li><\/ul><p><strong>El contenido no entra dentro del \u00e1mbito de la legislaci\u00f3n aplicable:<\/strong>\u00a0Podr\u00edan existir archivos ofim\u00e1ticos en PDF u otros formatos publicados antes del 20 de septiembre de 2018 que no cumplan en su totalidad todos los requisitos de accesibilidad. Aunque se ha procurado que la mayor\u00eda de ellos s\u00ed lo cumplan.<\/p><\/div><h5>\u00a0<\/h5><h5>PREPARACI\u00d3N PARA LA PRESENTE DECLARACI\u00d3N DE ACCESIBILIDAD<\/h5><p>Esta declaraci\u00f3n fue preparada el 30 de mayo 2023. El m\u00e9todo empleado ha sido una autoevaluaci\u00f3n llevada a cabo por la propia empresa.<\/p><h5>\u00a0<\/h5><h5>OBSERVACIONES Y DATOS DE CONTACTO<\/h5><p>Se puede realizar comunicaciones sobre requisitos de accesibilidad (art\u00edculo 10.2.a del RD 1112\/2018) como por ejemplo:<\/p><ul><li>Informar sobre cualquier incumplimiento por parte de esta web.<\/li><li>Transmitir otras dificultades de acceso al contenido.<\/li><li>\u00a0Formular cualquier otra consulta o sugerencia de mejora relativa a la accesibilidad del sitio web.<\/li><\/ul><p>Enviando un email a miguelangelexperiencias@gmail.com<\/p><p>.<\/p><p>Se puede presentar:<\/p><ul><li>Queja relativa al cumplimiento de los requisitos del RD 1112\/2018 o Solicitud de Informaci\u00f3n accesible relativa a:<ul><li>Contenidos que est\u00e1n excluidos del \u00e1mbito de aplicaci\u00f3n del RD 1112\/2018 seg\u00fan lo establecido por el art\u00edculo 3, apartado 4.<\/li><li>Contenidos que est\u00e1n exentos del cumplimiento de los requisitos de accesibilidad por imponer una carga desproporcionada.<\/li><\/ul><\/li><\/ul><p>En la Solicitud de informaci\u00f3n accesible, se debe concretar, con toda claridad, los hechos, razones y petici\u00f3n que permitan constatar que se trata de una solicitud razonable y leg\u00edtima.<\/p><p>Las quejas y reclamaciones sobre informaci\u00f3n accesible se realizar\u00e1n a trav\u00e9s del email de contacto de este sitio web (miguelangelexperiencias@gmail.com) y ser\u00e1n recibidas y tratadas por el \u00e1rea de Sistemas de la Informaci\u00f3n de Miguel \u00c1ngel Montilla Domene.<\/p><h5>\u00a0<\/h5><h5>CONTENIDO OPCIONAL<\/h5><p>El sitio web est\u00e1 optimizado para los navegadores Microsoft Edge y las \u00faltimas versiones vigentes de FireFox, Safari, Opera y Google Chrome. La resoluci\u00f3n web m\u00ednima recomendada es de 1280\u00d71024.<\/p><p>El sitio web est\u00e1 dise\u00f1ado para su visualizaci\u00f3n Responsive, con lo que se visualiza de forma \u00f3ptima en los dispositivos tablet y m\u00f3viles. En estos dispositivos est\u00e1 optimizado para su visualizaci\u00f3n en las \u00faltimas versiones vigentes de Chrome mobile, Firefox mobile, Safari mobile, Opera Mini y navegador nativo de Android.<\/p><p>Este sitio web est\u00e1 dise\u00f1ado para poder cambiar el tama\u00f1o del texto y el color, as\u00ed como el fondo de la p\u00e1gina mediante las opciones de configuraci\u00f3n est\u00e1ndar de los navegadores.<\/p><p>Si desea cambiar el tama\u00f1o de letra del texto en los principales navegadores gr\u00e1ficos utilice los siguientes men\u00fas:<\/p><ul><li>Internet Explorer, Mozilla y Firefox: Ver &gt; Tama\u00f1o del texto<\/li><li>Opera: Ver &gt; Zoom<\/li><li>Safari: Ver &gt; Hacer el texto m\u00e1s grande<\/li><li>Chrome: Controla la p\u00e1gina actual &gt; Tama\u00f1o del texto<\/li><li>Para modificar el tama\u00f1o de todo en la p\u00e1gina:<\/li><\/ul><ul><li style=\"list-style-type: none;\"><ul><li>Ctrl + + para aumentarlo<\/li><li>Ctrl + \u2013 para disminuirlo<\/li><li>Ctrl + 0 restaura el tama\u00f1o original del texto<\/li><li>Si lo que quiere es anular la hoja de estilos o modificar el color del texto, puede consultar la p\u00e1gina How to Change Text Size or Colors de la WAI, que se puede leer traducida al espa\u00f1ol en \u00bfC\u00f3mo cambiar el tama\u00f1o del texto o colores?<\/li><\/ul><\/li><\/ul>\t\t\t\t\t\t\t\t<\/div>\n\t\t\t\t<\/div>\n\t\t\t\t\t<\/div>\n\t\t<\/div>\n\t\t\t\t\t<\/div>\n\t\t<\/section>\n\t\t\t\t<\/div>\n\t\t","protected":false},"excerpt":{"rendered":"<p>Accesibilidad Miguel \u00c1ngel Montilla Domene se ha comprometido a hacer accesible su sitio web, de conformidad con el Real Decreto 1112\/2018, de 7 de septiembre, sobre accesibilidad de los sitios web y aplicaciones para dispositivos m\u00f3viles del sector p\u00fablico. La presente declaraci\u00f3n de accesibilidad se aplica al sitio web http:\/\/miguelangelmontilla.es\/ \u00a0 SITUACI\u00d3N DE CUMPLIMIENTO Este &hellip;<\/p>\n<p class=\"read-more\"> <a class=\"\" href=\"https:\/\/miguelangelmontilla.es\/?page_id=853\"> <span class=\"screen-reader-text\">ACCESIBILIDAD<\/span> Leer m\u00e1s &raquo;<\/a><\/p>\n","protected":false},"author":4,"featured_media":0,"parent":0,"menu_order":0,"comment_status":"closed","ping_status":"closed","template":"elementor_header_footer","meta":{"site-sidebar-layout":"no-sidebar","site-content-layout":"page-builder","ast-global-header-display":"","ast-main-header-display":"","ast-hfb-above-header-display":"","ast-hfb-below-header-display":"","ast-hfb-mobile-header-display":"","site-post-title":"disabled","ast-breadcrumbs-content":"","ast-featured-img":"disabled","footer-sml-layout":"","theme-transparent-header-meta":"default","adv-header-id-meta":"","stick-header-meta":"","header-above-stick-meta":"","header-main-stick-meta":"","header-below-stick-meta":"","footnotes":""},"class_list":["post-853","page","type-page","status-publish","hentry"],"_links":{"self":[{"href":"https:\/\/miguelangelmontilla.es\/index.php?rest_route=\/wp\/v2\/pages\/853","targetHints":{"allow":["GET"]}}],"collection":[{"href":"https:\/\/miguelangelmontilla.es\/index.php?rest_route=\/wp\/v2\/pages"}],"about":[{"href":"https:\/\/miguelangelmontilla.es\/index.php?rest_route=\/wp\/v2\/types\/page"}],"author":[{"embeddable":true,"href":"https:\/\/miguelangelmontilla.es\/index.php?rest_route=\/wp\/v2\/users\/4"}],"replies":[{"embeddable":true,"href":"https:\/\/miguelangelmontilla.es\/index.php?rest_route=%2Fwp%2Fv2%2Fcomments&post=853"}],"version-history":[{"count":7,"href":"https:\/\/miguelangelmontilla.es\/index.php?rest_route=\/wp\/v2\/pages\/853\/revisions"}],"predecessor-version":[{"id":961,"href":"https:\/\/miguelangelmontilla.es\/index.php?rest_route=\/wp\/v2\/pages\/853\/revisions\/961"}],"wp:attachment":[{"href":"https:\/\/miguelangelmontilla.es\/index.php?rest_route=%2Fwp%2Fv2%2Fmedia&parent=853"}],"curies":[{"name":"wp","href":"https:\/\/api.w.org\/{rel}","templated":true}]}}